{"id":802,"date":"2020-11-26T18:41:55","date_gmt":"2020-11-26T16:41:55","guid":{"rendered":"https:\/\/www.caravanas.net\/noticias\/?page_id=802"},"modified":"2023-04-11T18:50:51","modified_gmt":"2023-04-11T16:50:51","slug":"prensa","status":"publish","type":"page","link":"https:\/\/www.caravanas.net\/noticias\/prensa\/","title":{"rendered":"Prensa"},"content":{"rendered":"<p><img data-recalc-dims=\"1\" decoding=\"async\" class=\"alignnone wp-image-657\" src=\"https:\/\/i0.wp.com\/www.caravanas.net\/noticias\/wp-content\/uploads\/2020\/11\/Screenshot_8.png?resize=419%2C61&#038;ssl=1\" alt=\"logo caravanas.net\" width=\"419\" height=\"61\" srcset=\"https:\/\/i0.wp.com\/www.caravanas.net\/noticias\/wp-content\/uploads\/2020\/11\/Screenshot_8.png?resize=1024%2C149&amp;ssl=1 1024w, https:\/\/i0.wp.com\/www.caravanas.net\/noticias\/wp-content\/uploads\/2020\/11\/Screenshot_8.png?resize=300%2C44&amp;ssl=1 300w, https:\/\/i0.wp.com\/www.caravanas.net\/noticias\/wp-content\/uploads\/2020\/11\/Screenshot_8.png?resize=768%2C111&amp;ssl=1 768w, https:\/\/i0.wp.com\/www.caravanas.net\/noticias\/wp-content\/uploads\/2020\/11\/Screenshot_8.png?resize=585%2C85&amp;ssl=1 585w, https:\/\/i0.wp.com\/www.caravanas.net\/noticias\/wp-content\/uploads\/2020\/11\/Screenshot_8.png?w=1047&amp;ssl=1 1047w\" sizes=\"(max-width: 419px) 100vw, 419px\" \/><\/p>\n<h1>\u00bfSigues nuestro blog?<\/h1>\n<p>En nuestro <a href=\"https:\/\/www.caravanas.net\/noticias\/\">blog<\/a> compartimos todas las noticias y consejos del sector del caravaning, autocaravaning y camper, publicamos semanalmente 2 a 3 post.<\/p>\n<p>Categor\u00edas disponibles:<\/p>\n<p><strong>\u2666 Accesorios:<\/strong> \u00bfTienes una empresa de venta de accesorios para caravanas y autocaravanas? Aqu\u00ed puedes compartir alg\u00fan post relacionado y promocionar tu negocio.<\/p>\n<p><strong>\u2666 Actualidad:<\/strong> \u00bfQuieres contarnos y compartir una noticia de \u00faltima hora relacionada con el sector?&#8230;la daremos a conocer<\/p>\n<p><strong>\u2666 Campings:<\/strong>\u00bfTienes un camping o quieres publicitar \u00e1reas para autocaravanas?&#8230;h\u00e1blanos sobre ti<\/p>\n<p><strong>\u2666 Eventos:<\/strong> \u00bfDiriges alguna feria o evento del sector?&#8230;publicamos tu evento<\/p>\n<p><strong>\u2666 Mantenimiento:<\/strong> \u00bfVendes accesorios o tienes un taller? \u00bfCamperizas furgonetas? &#8230;te entrevistamos y damos a conocer tus\u00a0 servicios<\/p>\n<p><strong>\u2666 Modelos y marcas de autocaravanas y caravanas:<\/strong> \u00bfEres una marca que fabrica veh\u00edculos de ocio?&#8230;publicamos tus \u00faltimos modelos, y contamos tu historia.<\/p>\n<p><strong>\u2666 Rutas:<\/strong>\u00bferes un blogger y quieres compartir rutas?&#8230;compartimos con la comunidad<\/p>\n<p><strong>\u2666 Concesionarios:<\/strong> \u00bfQuieres m\u00e1s visibilidad para tu empresa y tus anuncios? &#8230;te haremos un publirreportaje y formar\u00e1s parte de nuestra red de concesionarios<\/p>\n<p><strong>\u2666 Tecnolog\u00eda: <\/strong>\u00bfTienes alg\u00fan proyecto tecnol\u00f3gico relacionado con el caravaning?&#8230;cu\u00e9ntanos y lo haremos difundir.<\/p>\n<p>En caravanas.net estamos abiertos a colaboraciones, por eso si eres periodista, blogger del sector caravaning y quieres publicar sobre nosotros o sobre tu empresa, ponte en contacto rellenando el formulario o escr\u00edbenos directamente a <strong>info@caravanas.net.<\/strong><\/p>\n<h2><\/h2>\n<p>&nbsp;<\/p>\n<h2>Espacios publicitarios<\/h2>\n<p>Este 2023 hemos abierto la posibilidad de anunciar tu empresa o servicio dentro de banners en nuestra plataforma. Hemos creado un <strong>Media Kit<\/strong> para darte toda la informaci\u00f3n, solic\u00edtalo a trav\u00e9s de <strong>info@caravanas.net<\/strong> o a trav\u00e9s de <a href=\"https:\/\/www.caravanas.net\/mediakit\">caravanas.net\/mediakit<\/a><\/p>\n<h2><\/h2>\n<p>&nbsp;<\/p>\n<h2>Aqu\u00ed puedes escribirnos para m\u00e1s informaci\u00f3n<\/h2>\n\n<div class=\"wpcf7 no-js\" id=\"wpcf7-f6-o1\" lang=\"en-US\" dir=\"ltr\" data-wpcf7-id=\"6\">\n<div class=\"screen-reader-response\"><p role=\"status\" aria-live=\"polite\" aria-atomic=\"true\"><\/p> <ul><\/ul><\/div>\n<form action=\"\/wp-json\/wp\/v2\/pages\/802#wpcf7-f6-o1\" method=\"post\" class=\"wpcf7-form init\" aria-label=\"Contact form\" novalidate=\"novalidate\" data-status=\"init\">\n<fieldset class=\"hidden-fields-container\"><input type=\"hidden\" name=\"_wpcf7\" value=\"6\" \/><input type=\"hidden\" name=\"_wpcf7_version\" value=\"6.1.5\" \/><input type=\"hidden\" name=\"_wpcf7_locale\" value=\"en_US\" \/><input type=\"hidden\" name=\"_wpcf7_unit_tag\" value=\"wpcf7-f6-o1\" \/><input type=\"hidden\" name=\"_wpcf7_container_post\" value=\"0\" \/><input type=\"hidden\" name=\"_wpcf7_posted_data_hash\" value=\"\" \/><input type=\"hidden\" name=\"_wpcf7_recaptcha_response\" value=\"\" \/>\n<\/fieldset>\n<p class=\"name\"><span class=\"wpcf7-form-control-wrap\" data-name=\"your-name\"><input size=\"40\" maxlength=\"400\" class=\"wpcf7-form-control wpcf7-text wpcf7-validates-as-required\" aria-required=\"true\" aria-invalid=\"false\" placeholder=\"Nombre*\" value=\"\" type=\"text\" name=\"your-name\" \/><\/span>\n<\/p>\n<p class=\"email\"><span class=\"wpcf7-form-control-wrap\" data-name=\"your-email\"><input size=\"40\" maxlength=\"400\" class=\"wpcf7-form-control wpcf7-email wpcf7-validates-as-required wpcf7-text wpcf7-validates-as-email\" aria-required=\"true\" aria-invalid=\"false\" placeholder=\"Email*\" value=\"\" type=\"email\" name=\"your-email\" \/><\/span>\n<\/p>\n<p class=\"subject\"><span class=\"wpcf7-form-control-wrap\" data-name=\"your-subject\"><input size=\"40\" maxlength=\"400\" class=\"wpcf7-form-control wpcf7-text\" aria-invalid=\"false\" placeholder=\"Asunto\" value=\"\" type=\"text\" name=\"your-subject\" \/><\/span>\n<\/p>\n<p class=\"message\"><span class=\"wpcf7-form-control-wrap\" data-name=\"your-message\"><textarea cols=\"40\" rows=\"10\" maxlength=\"2000\" class=\"wpcf7-form-control wpcf7-textarea wpcf7-validates-as-required\" aria-required=\"true\" aria-invalid=\"false\" placeholder=\"Mensaje\" name=\"your-message\"><\/textarea><\/span>\n<\/p>\n<p class=\"acceptance\"><br \/>\n<span class=\"wpcf7-form-control-wrap\" data-name=\"acceptance-673\"><span class=\"wpcf7-form-control wpcf7-acceptance\"><span class=\"wpcf7-list-item\"><label><input type=\"checkbox\" name=\"acceptance-673\" value=\"1\" aria-invalid=\"false\" \/><span class=\"wpcf7-list-item-label\">He le\u00eddo y acepto las <a href=\"https:\/\/www.caravanas.net\/condiciones-de-uso\" target=\"_blank\">Condiciones de Uso<\/a> y la <a href=\"https:\/\/www.caravanas.net\/politica-de-privacidad\" target=\"_blank\">Pol\u00edtica de Privacidad<\/a> del sitio web.<\/span><\/label><\/span><\/span><\/span>\n<\/p>\n<p class=\"submit\"><input class=\"wpcf7-form-control wpcf7-submit has-spinner\" type=\"submit\" value=\"Enviar\" \/>\n<\/p><div class=\"wpcf7-response-output\" aria-hidden=\"true\"><\/div>\n<\/form>\n<\/div>\n\n","protected":false},"excerpt":{"rendered":"<p>\u00bfSigues nuestro blog? En nuestro blog compartimos todas las noticias y consejos del sector del caravaning, autocaravaning y camper, publicamos semanalmente 2 a 3&hellip;<\/p>\n","protected":false},"author":1,"featured_media":0,"parent":0,"menu_order":0,"comment_status":"closed","ping_status":"closed","template":"page-sidebar.php","meta":{"footnotes":""},"class_list":["post-802","page","type-page","status-publish","hentry"],"aioseo_notices":[],"jetpack_sharing_enabled":true,"_links":{"self":[{"href":"https:\/\/www.caravanas.net\/noticias\/wp-json\/wp\/v2\/pages\/802","targetHints":{"allow":["GET"]}}],"collection":[{"href":"https:\/\/www.caravanas.net\/noticias\/wp-json\/wp\/v2\/pages"}],"about":[{"href":"https:\/\/www.caravanas.net\/noticias\/wp-json\/wp\/v2\/types\/page"}],"author":[{"embeddable":true,"href":"https:\/\/www.caravanas.net\/noticias\/wp-json\/wp\/v2\/users\/1"}],"replies":[{"embeddable":true,"href":"https:\/\/www.caravanas.net\/noticias\/wp-json\/wp\/v2\/comments?post=802"}],"version-history":[{"count":0,"href":"https:\/\/www.caravanas.net\/noticias\/wp-json\/wp\/v2\/pages\/802\/revisions"}],"wp:attachment":[{"href":"https:\/\/www.caravanas.net\/noticias\/wp-json\/wp\/v2\/media?parent=802"}],"curies":[{"name":"wp","href":"https:\/\/api.w.org\/{rel}","templated":true}]}}