{"id":125,"date":"2017-10-06T04:48:16","date_gmt":"2017-10-06T04:48:16","guid":{"rendered":"https:\/\/de9c6eb0.envatohostedview.com\/?page_id=125"},"modified":"2021-11-04T14:46:50","modified_gmt":"2021-11-04T12:46:50","slug":"contacto","status":"publish","type":"page","link":"https:\/\/www.caravanas.net\/noticias\/contacto\/","title":{"rendered":"Contacto"},"content":{"rendered":"<p><img data-recalc-dims=\"1\" decoding=\"async\" class=\"alignnone wp-image-657\" src=\"https:\/\/i0.wp.com\/www.caravanas.net\/noticias\/wp-content\/uploads\/2020\/11\/Screenshot_8.png?resize=419%2C61&#038;ssl=1\" alt=\"logo caravanas.net\" width=\"419\" height=\"61\" srcset=\"https:\/\/i0.wp.com\/www.caravanas.net\/noticias\/wp-content\/uploads\/2020\/11\/Screenshot_8.png?resize=1024%2C149&amp;ssl=1 1024w, https:\/\/i0.wp.com\/www.caravanas.net\/noticias\/wp-content\/uploads\/2020\/11\/Screenshot_8.png?resize=300%2C44&amp;ssl=1 300w, https:\/\/i0.wp.com\/www.caravanas.net\/noticias\/wp-content\/uploads\/2020\/11\/Screenshot_8.png?resize=768%2C111&amp;ssl=1 768w, https:\/\/i0.wp.com\/www.caravanas.net\/noticias\/wp-content\/uploads\/2020\/11\/Screenshot_8.png?resize=585%2C85&amp;ssl=1 585w, https:\/\/i0.wp.com\/www.caravanas.net\/noticias\/wp-content\/uploads\/2020\/11\/Screenshot_8.png?w=1047&amp;ssl=1 1047w\" sizes=\"(max-width: 419px) 100vw, 419px\" \/><\/p>\n<h1>Particulares:<\/h1>\n<p>Te dejamos nuestros datos para resolver cualquier duda, o si necesitas m\u00e1s informaci\u00f3n, estaremos encantados de ayudarte.<\/p>\n<p>As\u00ed como, si no has encontrado lo que buscas, haznos saber qu\u00e9 es y buscaremos una soluci\u00f3n<\/p>\n<ul>\n<li><strong>Direcci\u00f3n:<\/strong>\u00a0 Moll de la Marina 3, 08005 Barcelona<\/li>\n<li><b>Correo electr\u00f3nico:<\/b>\u00a0 info@caravanas.net<\/li>\n<\/ul>\n<p>&nbsp;<\/p>\n<hr \/>\n<h2>Concesionarios y aut\u00f3nomos:<\/h2>\n<p>Si quieres saber c\u00f3mo funciona nuestra plataforma y todas las ventajas que puede ofrecer a tu negocio, puedes visitarnos presencialmente o por videollamada.<\/p>\n<p>Forma parte de nuestra<a href=\"https:\/\/www.caravanas.net\/business\"> red de concesionarios<\/a> y da m\u00e1s visibilidad a tus anuncios y tu empresa.<\/p>\n<p>&nbsp;<\/p>\n<hr \/>\n<h3>Te ayudaremos lo antes posible<\/h3>\n\n<div class=\"wpcf7 no-js\" id=\"wpcf7-f631-o1\" lang=\"en-US\" dir=\"ltr\" data-wpcf7-id=\"631\">\n<div class=\"screen-reader-response\"><p role=\"status\" aria-live=\"polite\" aria-atomic=\"true\"><\/p> <ul><\/ul><\/div>\n<form action=\"\/wp-json\/wp\/v2\/pages\/125#wpcf7-f631-o1\" method=\"post\" class=\"wpcf7-form init\" aria-label=\"Contact form\" novalidate=\"novalidate\" data-status=\"init\">\n<fieldset class=\"hidden-fields-container\"><input type=\"hidden\" name=\"_wpcf7\" value=\"631\" \/><input type=\"hidden\" name=\"_wpcf7_version\" value=\"6.1.5\" \/><input type=\"hidden\" name=\"_wpcf7_locale\" value=\"en_US\" \/><input type=\"hidden\" name=\"_wpcf7_unit_tag\" value=\"wpcf7-f631-o1\" \/><input type=\"hidden\" name=\"_wpcf7_container_post\" value=\"0\" \/><input type=\"hidden\" name=\"_wpcf7_posted_data_hash\" value=\"\" \/><input type=\"hidden\" name=\"_wpcf7_recaptcha_response\" value=\"\" \/>\n<\/fieldset>\n<p class=\"name\"><span class=\"wpcf7-form-control-wrap\" data-name=\"your-name\"><input size=\"40\" maxlength=\"400\" class=\"wpcf7-form-control wpcf7-text wpcf7-validates-as-required\" aria-required=\"true\" aria-invalid=\"false\" placeholder=\"Nombre*\" value=\"\" type=\"text\" name=\"your-name\" \/><\/span>\n<\/p>\n<p class=\"email\"><span class=\"wpcf7-form-control-wrap\" data-name=\"your-email\"><input size=\"40\" maxlength=\"400\" class=\"wpcf7-form-control wpcf7-email wpcf7-validates-as-required wpcf7-text wpcf7-validates-as-email\" aria-required=\"true\" aria-invalid=\"false\" placeholder=\"Email*\" value=\"\" type=\"email\" name=\"your-email\" \/><\/span>\n<\/p>\n<p class=\"subject\"><span class=\"wpcf7-form-control-wrap\" data-name=\"your-subject\"><input size=\"40\" maxlength=\"400\" class=\"wpcf7-form-control wpcf7-text\" aria-invalid=\"false\" placeholder=\"Asunto\" value=\"\" type=\"text\" name=\"your-subject\" \/><\/span>\n<\/p>\n<p class=\"message\"><span class=\"wpcf7-form-control-wrap\" data-name=\"your-message\"><textarea cols=\"40\" rows=\"10\" maxlength=\"2000\" class=\"wpcf7-form-control wpcf7-textarea wpcf7-validates-as-required\" aria-required=\"true\" aria-invalid=\"false\" placeholder=\"Mensaje\" name=\"your-message\"><\/textarea><\/span>\n<\/p>\n<p class=\"acceptance\"><br \/>\n<span class=\"wpcf7-form-control-wrap\" data-name=\"acceptance-673\"><span class=\"wpcf7-form-control wpcf7-acceptance\"><span class=\"wpcf7-list-item\"><label><input type=\"checkbox\" name=\"acceptance-673\" value=\"1\" aria-invalid=\"false\" \/><span class=\"wpcf7-list-item-label\">He le\u00eddo y acepto las <a href=\"https:\/\/www.caravanas.net\/condiciones-de-uso\" target=\"_blank\">Condiciones de Uso<\/a> y la <a href=\"https:\/\/www.caravanas.net\/politica-de-privacidad\" target=\"_blank\">Pol\u00edtica de Privacidad<\/a> del sitio web.<\/span><\/label><\/span><\/span><\/span>\n<\/p>\n<p class=\"submit\"><input class=\"wpcf7-form-control wpcf7-submit has-spinner\" type=\"submit\" value=\"Enviar\" \/>\n<\/p><div class=\"wpcf7-response-output\" aria-hidden=\"true\"><\/div>\n<\/form>\n<\/div>\n\n","protected":false},"excerpt":{"rendered":"<p>Particulares: Te dejamos nuestros datos para resolver cualquier duda, o si necesitas m\u00e1s informaci\u00f3n, estaremos encantados de ayudarte. As\u00ed como, si no has encontrado&hellip;<\/p>\n","protected":false},"author":1,"featured_media":0,"parent":0,"menu_order":0,"comment_status":"closed","ping_status":"closed","template":"page-sidebar.php","meta":{"footnotes":""},"class_list":["post-125","page","type-page","status-publish","hentry"],"aioseo_notices":[],"jetpack_sharing_enabled":true,"_links":{"self":[{"href":"https:\/\/www.caravanas.net\/noticias\/wp-json\/wp\/v2\/pages\/125","targetHints":{"allow":["GET"]}}],"collection":[{"href":"https:\/\/www.caravanas.net\/noticias\/wp-json\/wp\/v2\/pages"}],"about":[{"href":"https:\/\/www.caravanas.net\/noticias\/wp-json\/wp\/v2\/types\/page"}],"author":[{"embeddable":true,"href":"https:\/\/www.caravanas.net\/noticias\/wp-json\/wp\/v2\/users\/1"}],"replies":[{"embeddable":true,"href":"https:\/\/www.caravanas.net\/noticias\/wp-json\/wp\/v2\/comments?post=125"}],"version-history":[{"count":0,"href":"https:\/\/www.caravanas.net\/noticias\/wp-json\/wp\/v2\/pages\/125\/revisions"}],"wp:attachment":[{"href":"https:\/\/www.caravanas.net\/noticias\/wp-json\/wp\/v2\/media?parent=125"}],"curies":[{"name":"wp","href":"https:\/\/api.w.org\/{rel}","templated":true}]}}